{"id":2300,"date":"2024-06-25T15:02:57","date_gmt":"2024-06-25T20:02:57","guid":{"rendered":"http:\/\/lacongre.edu.co\/?page_id=2300"},"modified":"2024-06-25T15:52:55","modified_gmt":"2024-06-25T20:52:55","slug":"informacion-de-programas","status":"publish","type":"page","link":"https:\/\/lacongre.edu.co\/index.php\/informacion-de-programas\/","title":{"rendered":"Informaci\u00f3n de programas"},"content":{"rendered":"\t\t<div data-elementor-type=\"wp-page\" data-elementor-id=\"2300\" class=\"elementor elementor-2300\" data-elementor-post-type=\"page\">\n\t\t\t\t\t\t<section class=\"elementor-section elementor-top-section elementor-element elementor-element-7fcfb6ae elementor-section-boxed elementor-section-height-default elementor-section-height-default\" data-id=\"7fcfb6ae\" data-element_type=\"section\" data-settings=\"{&quot;background_background&quot;:&quot;classic&quot;,&quot;ekit_has_onepagescroll_dot&quot;:&quot;yes&quot;}\">\n\t\t\t\t\t\t\t<div class=\"elementor-background-overlay\"><\/div>\n\t\t\t\t\t\t\t<div class=\"elementor-container elementor-column-gap-default\">\n\t\t\t\t\t<div class=\"elementor-column elementor-col-100 elementor-top-column elementor-element elementor-element-5d7aca41\" data-id=\"5d7aca41\" data-element_type=\"column\">\n\t\t\t<div class=\"elementor-widget-wrap elementor-element-populated\">\n\t\t\t\t\t\t<section class=\"elementor-section elementor-inner-section elementor-element elementor-element-32f305db elementor-section-content-middle elementor-section-boxed elementor-section-height-default elementor-section-height-default\" data-id=\"32f305db\" data-element_type=\"section\" data-settings=\"{&quot;ekit_has_onepagescroll_dot&quot;:&quot;yes&quot;}\">\n\t\t\t\t\t\t<div class=\"elementor-container elementor-column-gap-default\">\n\t\t\t\t\t<div class=\"elementor-column elementor-col-100 elementor-inner-column elementor-element elementor-element-6bd6f05d elementor-invisible\" data-id=\"6bd6f05d\" data-element_type=\"column\" data-settings=\"{&quot;animation&quot;:&quot;fadeIn&quot;,&quot;animation_delay&quot;:200}\">\n\t\t\t<div class=\"elementor-widget-wrap elementor-element-populated\">\n\t\t\t\t\t\t<div class=\"elementor-element elementor-element-45baed6 elementor-widget elementor-widget-shortcode\" data-id=\"45baed6\" data-element_type=\"widget\" data-settings=\"{&quot;ekit_we_effect_on&quot;:&quot;none&quot;}\" data-widget_type=\"shortcode.default\">\n\t\t\t\t<div class=\"elementor-widget-container\">\n\t\t\t\t\t\t\t<div class=\"elementor-shortcode\"><style type=\"text\/css\">#nex-forms{display:none;}<\/style><div id=\"nf_form_79445\">\r\n\t\t\t\r\n\t\t\t<style type=\"text\/css\">\r\n\t\t\t\r\n\t\t\t\t#nex-forms.formaci\u00f3n_de_empresas .nf-loader-lds-spinner div:after {background: #40C4FF; }\r\n\t\t\t\t#nex-forms.formaci\u00f3n_de_empresas .nf-loader-lds-grid div {background: #40C4FF; }\r\n\t\t\t\t#nex-forms.formaci\u00f3n_de_empresas .nf-loader-lds-ellipsis div { background: #40C4FF;}\r\n\t\t\t\t#nex-forms.formaci\u00f3n_de_empresas .nf-loader-lds-default div {background: #40C4FF;}\r\n\t\t\t\t#nex-forms.formaci\u00f3n_de_empresas .nf-loader-lds-roller div:after {background: #40C4FF;}\r\n\t\t\t\t#nex-forms.formaci\u00f3n_de_empresas .nf-loader-lds-heart div,\r\n\t\t\t\t#nex-forms.formaci\u00f3n_de_empresas .nf-loader-lds-heart div:after,\r\n\t\t\t\t#nex-forms.formaci\u00f3n_de_empresas .nf-loader-lds-heart div:before {background: #40C4FF;}\r\n\t\r\n\t\t\t\t\r\n\t\t\t\t#nex-forms.formaci\u00f3n_de_empresas .nf-loader-lds-facebook div {background: #40C4FF;}\r\n\t\t\t\t#nex-forms.formaci\u00f3n_de_empresas .nf-loader-lds-circle > div {background: #40C4FF;}\r\n\t\t\t\t\r\n\t\t\t\t#nex-forms.formaci\u00f3n_de_empresas .nf-loader-lds-dual-ring:after {border: 6px solid #40C4FF;border-color: #40C4FF transparent #40C4FF transparent;}\r\n\t\t\t\t#nex-forms.formaci\u00f3n_de_empresas .nf-loader-lds-ring div {border: 8px solid #40C4FF;border-color: #40C4FF transparent transparent transparent;}\r\n\t\t\t\t#nex-forms.formaci\u00f3n_de_empresas .nf-loader-lds-hourglass:after {border: 32px solid #40C4FF;border-color: #40C4FF transparent #40C4FF transparent;}\r\n\t\t\t\t#nex-forms.formaci\u00f3n_de_empresas .nf-loader-lds-ripple div {border: 4px solid #40C4FF;}\r\n\t\t\t<\/style>\r\n\t\t\t\r\n\t\t\t\r\n\t\t\t<div id=\"nex-forms\" data-loader=\"ellipsis\" data-msg-hide-form=\"yes\" data-msg-position=\"top\" data-msg-placement=\"outside\"  class=\"nex-forms formaci\u00f3n_de_empresas  \"><div class=\"pre_fill_fields\"><\/div><div class=\"set_form_theme theme-default\"><div class=\"nex_success_message msg_top msgv2 animated hidden\" style=\"display:none;\"><div class=\"nex_success_message_container\" style=\"background: #fff; box-shadow: #00000033 0px 7px 16px 0px; border-radius: 4px; padding: 30px; border-color:#ddd;\"><div class=\"msg_text\"><div class=\"form_field all_fields icon html_fields wow bounceInUp pill\" style=\"margin-bottom: 15px;\" id=\"_21501\" data-animation-name=\"bounceInUp\">\n\t\t\t\t\t\t\t  <div class=\"edit_mask\"><\/div>\n\t\t\t\t\t\t\t  \n\t\t\t\t\t\t\t\t<div class=\"icon_container_wrapper icon_center\">\n\t\t\t\t\t\t\t\t  <div class=\"icon_container\" id=\"field_container\" style=\"border-width: 0px; background-color: transparent;\">\n\t\t\t\t\t\t\t\t\t<div class=\"\">\n\t\t\t\t\t\t\t\t\t  <div class=\"input_container\">\n\t\t\t\t\t\t\t\t\t\t<div class=\"the_input_element icon_element\" style=\"font-size: 50px; color: #8bc34a;\"><span class=\"fas fa-check-circle\"><\/span><\/div>\n\t\t\t\t\t\t\t\t\t  <\/div>\n\t\t\t\t\t\t\t\t\t<\/div>\n\t\t\t\t\t\t\t\t  <\/div>\n\t\t\t\t\t\t\t\t  \n\t\t\t\t\t\t\t\t<\/div>\n\t\t\t\t\t\t\t  \n\t\t\t\t\t\t\t<\/div>\n\t\t\t\t\t\t\t<div class=\"form_field all_fields html html_fields wow fadeInDown pill\" style=\"margin-bottom: 15px;\" data-animation-name=\"fadeInDown\" data-wow-delay=\"0.5s\" id=\"_74681\">\n\t\t\t\t\t\t\t  <div class=\"edit_mask\"><\/div>\n\t\t\t\t\t\t\t  \n\t\t\t\t\t\t\t\t<div class=\"row\">\n\t\t\t\t\t\t\t\t  <div class=\"col-sm-12\" id=\"field_container\">\n\t\t\t\t\t\t\t\t\t<div class=\"row\">\n\t\t\t\t\t\t\t\t\t  <div class=\"col-sm-12 input_container\">\n\t\t\t\t\t\t\t\t\t\t<div class=\"the_input_element align_center\" data-math-equation=\"\" data-original-math-equation=\"\" data-decimal-places=\"0\">Thank you for connecting with us. We will respond to you shortly.<\/div>\n\t\t\t\t\t\t\t\t\t\t<div style=\"clear:both;\"><\/div>\n\t\t\t\t\t\t\t\t\t  <\/div>\n\t\t\t\t\t\t\t\t\t<\/div>\n\t\t\t\t\t\t\t\t  <\/div>\n\t\t\t\t\t\t\t\t  \n\t\t\t\t\t\t\t\t<\/div>\n\t\t\t\t\t\t\t  \n\t\t\t\t\t\t\t<\/div><\/div><\/div><\/div><div data-timer-start=\"1\" data-timer-end=\"0\" class=\"inner-canvas-container ui-nex-forms-container ui-nex-forms-container-fe  bootstrap\" id=\"ui-nex-forms-container-3\"  ><div class=\"current_step\" style=\"display:none;\">1<\/div><div class=\"last_visited_step\" style=\"display:none;\">1<\/div><div class=\"nex-forms-header-footer nex-forms-header timer_inline timer_right \"><div class=\"bc-outer-container \"><div style=\"\" class=\"nf_ms_breadcrumb  bc-gutter-20 bc-top bc-solid bc-connected bc-unfolded pilled \">\n\t\t\t\t\t\t\t\t\t\t<ul class=\"the_br  align_left pilled  md-color-default\" data-align-crumb=\"align_left\" data-text-pos=\"text-bottom\" data-breadcrumb-type=\"pilled\" data-theme=\"default\" data-show-front-end=\"yes\" data-show-inside=\"no\">\n\t\t\t\t\t\t\t\t\t\t\n\t\t\t\t\t\t\t\t\t\t<\/ul>\n\t\t\t\t\t\t\t\t\t\t<div class=\"nf_progressbar the_br\" style=\"display:none;\" data-text-pos=\"text-bottom\" data-breadcrumb-type=\"pilled\" data-theme=\"default\" data-show-front-end=\"yes\" data-show-inside=\"no\">\n\t\t\t\t\t\t\t\t\t\t\t<div class=\"nf_progressbar_percentage md-color-default\" style=\"width:5%;\">\n\t\t\t\t\t\t\t\t\t\t\t\t<span>0%<\/span>\n\t\t\t\t\t\t\t\t\t\t\t<\/div>\n\t\t\t\t\t\t\t\t\t\t<\/div>\n\t\t\t\t\t\t\t\t\t\t\n\t\t\t\t\t\t\t\t\t\t<div style=\"clear:both\"><\/div>\n\t\t\t\t\t\t\t\t\t<\/div><\/div><\/div><div id=\"the_plugin_url\" style=\"display:none;\">https:\/\/lacongre.edu.co\/wp-content\/plugins\/nex-forms-express-wp-form-builder<\/div><div id=\"nf_save_form_progress\" style=\"display:none;\">false<\/div><div class=\"hidden\" id=\"nf_ajax_url\" style=\"display:none;\">https:\/\/lacongre.edu.co\/wp-admin\/admin-ajax.php<\/div><div class=\"hidden\" id=\"paypal_return_url\" style=\"display:none;\">https:\/\/lacongre.edu.co\/wp-json\/wp\/v2\/pages\/2300<\/div><div class=\"hidden\" id=\"ms_scroll_to_top\" style=\"display:none;\">yes<\/div><div class=\"v7_container form_type_normal   \" style=\"background: #06284f url('http:\/\/lacongre.edu.co\/wp-content\/uploads\/2024\/06\/Inscripcion.png') 50% 0% no-repeat; border-radius: 4px; padding: 30px; border-color: #dddddd; box-shadow: #00000033 0px 7px 16px 0px;\"><div class=\"current_field_on_focus\" style=\"display:none\">1<\/div><form id=\"3\" class=\"submit-nex-form nex-forms-3\" data-form-id=\"3\" name=\"nex_form\" action=\"https:\/\/lacongre.edu.co\/wp-admin\/admin-ajax.php\" method=\"post\" enctype=\"multipart\/form-data\"><div class=\"step_transition_in\" style=\"display:none;\">fadeIn<\/div><div class=\"step_transition_out\" style=\"display:none;\">fadeOut<\/div><input type=\"hidden\" name=\"nex_forms_Id\" value=\"3\"><input type=\"hidden\" name=\"ip\" value=\"216.73.216.221\"><input type=\"hidden\" name=\"nf_page_id\" value=\"2300\"><input type=\"hidden\" name=\"nf_page_title\" value=\"Informaci\u00f3n de programas\"><input type=\"text\" name=\"company_url\" value=\"\" placeholder=\"enter company url\" class=\"form-control req\">\n\t\t\t\t\t\t\t<div class=\"form_field hidden pill\" id=\"_17510\" style=\"\">\n\t\t\t\t\t\t\t\t<input class=\"ms_current_step\" value=\"1\" name=\"ms_current_step\" type=\"hidden\" autocomplete=\"enabled\" id=\"_17510__ms_current_step\">\n\t\t\t\t\t\t\t<\/div>\n\t\t\t\t\t\t\t<div class=\"form_field all_fields heading heading html_fields pill\" style=\"margin-bottom: 15px;\" id=\"_80336\"><div class=\"row\"><div class=\"col-sm-12\" id=\"field_container\"><div class=\"row\"><div class=\"col-sm-12 input_container\"><input type=\"hidden\" class=\"set_math_result\" value=\"0\" name=\"math_result\" autocomplete=\"enabled\" id=\"_80336__math_result\"><h1 class=\"the_input_element align_center\" data-math-equation=\"\" data-original-math-equation=\"\" data-decimal-places=\"0\" style=\"color: #ffffff; font-size: 24px;\">\u00bfTe gustar\u00eda elevar las habilidades de tu equipo con una formaci\u00f3n personalizada que impulse tu negocio? <\/h1><\/div><\/div><\/div><\/div><\/div><div class=\"form_field all_fields paragraph paragraph html_fields pill\" style=\"margin-bottom: 15px;\" id=\"_93126\"><div class=\"row\"><div class=\"col-sm-12\" id=\"field_container\"><div class=\"row\"><div class=\"col-sm-12 input_container\"><input type=\"hidden\" class=\"set_math_result\" value=\"0\" name=\"math_result\" autocomplete=\"enabled\" id=\"_93126__math_result\"><div class=\"the_input_element style_italic style_bold align_center\" data-math-equation=\"\" data-original-math-equation=\"\" data-decimal-places=\"0\" style=\"color: #ffeb3b; font-size: 12px;\">\u00a1Solicita hoy una cotizaci\u00f3n y transforma el talento de tu equipo en un activo invaluable!<\/div><div style=\"clear:both;\"><\/div><\/div><\/div><\/div><\/div><\/div><div class=\"form_field all_fields name preset_fields required has_prefix_icon pill\" style=\"margin-bottom: 15px;\" id=\"_92454\"><div class=\"row\"><div class=\"col-sm-12\" id=\"field_container\"><div class=\"row\"><div class=\"col-sm-12 label_container align_left\"><label class=\"nf_title \" for=\"input__92454\"><span class=\"the_label style_bold\" style=\"font-size: 14px; color: #ffffff;\">Nombre de la empresa<\/span><\/label><\/div><div class=\"col-sm-12  input_container\"><div class=\"input-group\"><span class=\"input-group-addon prefix \" style=\"color: #f8e135; background: #00529c; border-color: #dddddd;\"><span class=\"fas fa-hotel\" style=\"font-size: 17px;\"><\/span><\/span><input type=\"text\" name=\"nombre_de_la_empresa\" class=\"error_message required form-control the_input_element aling_left align_left\" data-onfocus-color=\"#66AFE9\" data-drop-focus-swadow=\"1\" data-placement=\"bottom\" data-content=\"Required\" title=\"\" data-secondary-message=\"\" style=\"font-size: 13px; color: #ffffff; background: white; border-color: #dddddd;\" id=\"input__92454\" autocomplete=\"enabled\"><\/div><\/div><\/div><\/div><\/div><\/div><div class=\"form_field all_fields name preset_fields required has_prefix_icon pill\" style=\"margin-bottom: 15px;\" id=\"_87436\"><div class=\"row\"><div class=\"col-sm-12\" id=\"field_container\"><div class=\"row\"><div class=\"label_container align_left col-sm-12\"><label class=\"nf_title \" for=\"input__87436\"><span class=\"the_label style_bold\" style=\"font-size: 14px; color: #ffffff;\">NIT<\/span><\/label><\/div><div class=\"input_container col-sm-12\"><div class=\"input-group\"><span class=\"input-group-addon prefix \" style=\"color: #f8e135; background: #00529c; border-color: #dddddd;\"><span class=\"fas fa-barcode\" style=\"font-size: 17px;\"><\/span><\/span><input type=\"text\" name=\"nit\" class=\"error_message required form-control the_input_element aling_left align_left\" data-onfocus-color=\"#66AFE9\" data-drop-focus-swadow=\"1\" data-placement=\"bottom\" data-content=\"Required\" title=\"\" data-secondary-message=\"\" style=\"font-size: 13px; color: #ffffff; background: white; border-color: #dddddd;\" id=\"input__87436\" autocomplete=\"enabled\"><\/div><\/div><\/div><\/div><\/div><\/div><div class=\"form_field all_fields select common_fields selection_fields pill has_prefix_icon\" style=\"margin-bottom: 15px; position: relative; top: 0px;\" id=\"_60078\"><div class=\"row\"><div class=\"col-sm-12\" id=\"field_container\"><div class=\"row\"><div class=\"col-sm-12 label_container align_left\"><label class=\"nf_title \" for=\"input__60078\"><span class=\"the_label style_bold\" style=\"font-size: 14px; color: #ffffff;\">Tipo de formaci\u00f3n<\/span><\/label><\/div><div class=\"col-sm-12  input_container\"><div class=\"input-group\"><span class=\"input-group-addon prefix\" style=\"background-color: #00529c; border-color: #dddddd; color: #f8e135;\"><span class=\"fas fa-user-graduate\"><\/span><\/span><select name=\"tipo_de_formaci\u00f3n\" class=\"the_input_element error_message text pre-format form-control aling_left align_left\" data-content=\"Required\" style=\"font-size: 13px; color: #5b5b5b; background: white; border-color: #dddddd;\" data-default-selected-value=\"Seleccionar\" id=\"input__60078\"><option value=\"Seleccionar\" selected=\"selected\">Seleccionar<\/option><option value=\"Taller\">Taller<\/option><option value=\"Curso\">Curso<\/option><option value=\"Diplomado\">Diplomado<\/option><option value=\"Conferencia\">Conferencia<\/option><option value=\"Charla\">Charla<\/option><option value=\"Otro\">Otro<\/option><\/select><\/div><\/div><\/div><\/div><\/div><\/div><div class=\"form_field all_fields name preset_fields required has_prefix_icon pill\" style=\"margin-bottom: 15px; position: relative; top: 0px;\" id=\"_36985\"><div class=\"row\"><div class=\"col-sm-12\" id=\"field_container\"><div class=\"row\"><div class=\"col-sm-12 label_container align_left\"><label class=\"nf_title \" for=\"input__36985\"><span class=\"the_label style_bold\" style=\"font-size: 14px; color: #ffffff;\">Persona de contacto<\/span><\/label><\/div><div class=\"col-sm-12  input_container\"><div class=\"input-group\"><span class=\"input-group-addon prefix \" style=\"color: #f8e135; background: #00529c; border-color: #dddddd;\"><span class=\"fas fa-user-check\" style=\"font-size: 17px;\"><\/span><\/span><input type=\"text\" name=\"persona_de_contacto\" class=\"error_message required form-control the_input_element aling_left align_left\" data-onfocus-color=\"#66AFE9\" data-drop-focus-swadow=\"1\" data-placement=\"bottom\" data-content=\"Required\" title=\"\" data-secondary-message=\"\" style=\"font-size: 13px; color: #ffffff; background: white; border-color: #dddddd;\" id=\"input__36985\" autocomplete=\"enabled\"><\/div><\/div><\/div><\/div><\/div><\/div><div class=\"form_field all_fields email email preset_fields required has_prefix_icon pill\" style=\"margin-bottom: 15px;\" id=\"_51591\"><div class=\"row\"><div class=\"col-sm-12\" id=\"field_container\"><div class=\"row\"><div class=\"col-sm-12 label_container align_left\"><label class=\"nf_title \" for=\"input__51591\"><span class=\"the_label style_bold\" style=\"font-size: 14px; color: #ffffff;\">Correo electr\u00f3nico<\/span><\/label><\/div><div class=\"col-sm-12  input_container\"><div class=\"input-group\"><span class=\"input-group-addon prefix \" style=\"color: #f8e135; background: #00529c; border-color: #dddddd;\"><span class=\"fa fas fa-envelope\" style=\"font-size: 17px;\"><\/span><\/span><input type=\"text\" name=\"correo_electr\u00f3nico\" class=\"error_message required email form-control the_input_element aling_left align_left\" data-onfocus-color=\"#66AFE9\" data-drop-focus-swadow=\"1\" data-placement=\"bottom\" data-content=\"Required\" title=\"\" data-secondary-message=\"Invalid email address\" style=\"font-size: 13px; color: #5b5b5b; background: white; border-color: #dddddd;\" id=\"input__51591\" autocomplete=\"enabled\"><\/div><\/div><\/div><\/div><\/div><\/div><div class=\"form_field all_fields phone_number phone_number preset_fields required has_prefix_icon pill\" style=\"margin-bottom: 15px;\" id=\"_82423\"><div class=\"row\"><div class=\"col-sm-12\" id=\"field_container\"><div class=\"row\"><div class=\"col-sm-12 label_container align_left\"><label class=\"nf_title \" for=\"input__82423\"><span class=\"the_label style_bold\" style=\"font-size: 13px; color: #ffffff;\">N\u00famero de celular<\/span><\/label><\/div><div class=\"col-sm-12  input_container\"><div class=\"input-group\"><span class=\"input-group-addon prefix \" style=\"color: #f8e135; background: #00529c; border-color: #dddddd;\"><span class=\"fa fa fa-phone\" style=\"font-size: 17px;\"><\/span><\/span><input type=\"text\" name=\"n\u00famero_de_celular\" class=\"error_message required phone_number form-control the_input_element aling_left align_left\" data-onfocus-color=\"#66AFE9\" data-drop-focus-swadow=\"1\" data-placement=\"bottom\" data-content=\"Required\" title=\"\" data-secondary-message=\"Invalid phone number\" style=\"font-size: 13px; color: #5b5b5b; background: white; border-color: #dddddd;\" id=\"input__82423\" autocomplete=\"enabled\"><\/div><\/div><\/div><\/div><\/div><\/div><div class=\"form_field all_fields Query preset_fields required has_prefix_icon pill\" style=\"margin-bottom: 15px;\" id=\"_81064\"><div class=\"row\"><div class=\"col-sm-12\" id=\"field_container\"><div class=\"row\"><div class=\"col-sm-12 label_container align_left\"><label class=\"nf_title \" for=\"input__81064\"><span class=\"the_label style_bold\" style=\"font-size: 13px; color: #ffffff;\">Mensaje<\/span><small class=\"sub-text style_italic\">Si seleccionaste otro tipo de formaci\u00f3n, por favor especificar ac\u00e1 abajo \u00bfc\u00faal?<\/small><\/label><\/div><div class=\"col-sm-12  input_container\"><div class=\"input-group\"><span class=\"input-group-addon prefix\" style=\"color: #f8e135; background: #00529c; border-color: #dddddd;\"><span class=\"fa fa fa-comment\" style=\"font-size: 17px;\"><\/span><\/span><textarea name=\"mensaje\" placeholder=\"\" data-maxlength-color=\"label label-success\" data-maxlength-position=\"bottom\" data-maxlength-show=\"false\" data-default-value=\"\" class=\"error_message required the_input_element textarea pre-format form-control aling_left align_left\" data-onfocus-color=\"#66AFE9\" data-drop-focus-swadow=\"1\" data-placement=\"bottom\" data-content=\"Required\" title=\"\" style=\"font-size: 13px; color: #5b5b5b; background: white; border-color: #dddddd;\" id=\"input__81064\"><\/textarea><\/div><\/div><\/div><\/div><\/div><\/div><div class=\"form_field all_fields divider divider html_fields pill\" style=\"margin-bottom: 15px; position: relative; top: 0px;\" id=\"_41711\"><div class=\"row\"><div class=\"col-sm-12\" id=\"field_container\"><div class=\"row\"><div class=\"col-sm-12 input_container\"><hr class=\"the_input_element\"><\/div><\/div><\/div><\/div><\/div><div class=\"form_field all_fields check-group common_fields selection_fields pill radio-group\" style=\"margin-bottom: 15px;\" id=\"_8954\"><div class=\"row\"><div class=\"col-sm-12\" id=\"field_container\"><div class=\"row\"><div class=\"col-sm-12 label_container align_left\"><label class=\"nf_title \"><span class=\"the_label\" style=\"font-size: 13px; color: #5b5b5b;\"><\/span><\/label><\/div><div class=\"input_holder radio-group\"><div class=\"col-sm-12 the-radios input_container error_message\" id=\"the-radios\" data-checked-color=\"alert-success\" data-checked-class=\"fa-check\" data-unchecked-class=\"\" data-placement=\"bottom\" data-content=\"Required\" data-secondary-message=\"Minimum of {x} selections required\" title=\"\" data-checked-bg-color=\"#f8e135\"><div class=\"input-inner\"><label class=\"checkbox-inline radio_selected radio-inline\" for=\"__3__8954_check_boxes[]_He le\u00eddo y acepto la pol\u00edtica de privacidad_he_le\u00eddo_y_acepto_la_pol\u00edtica_de_privacidad\"><span class=\"has-pretty-child\"><div class=\"clearfix prettycheckbox labelright blue has-pretty-child\"><input class=\"check the_input_element\" type=\"checkbox\" name=\"check_boxes[]\" id=\"__3__8954_check_boxes[]_He le\u00eddo y acepto la pol\u00edtica de privacidad_he_le\u00eddo_y_acepto_la_pol\u00edtica_de_privacidad\" value=\"He le\u00eddo y acepto la pol\u00edtica de privacidad\" style=\"display: none;\" autocomplete=\"enabled\"><a class=\"checked ui-state-active ui-state-default\" style=\"background: #f8e135;\" rel=\"nofollow\" href=\"#\">.<\/a><span style=\"color:#ffffff;\" class=\"check-icon checked fa fa-check\"><\/span><\/div><span class=\"input-label check-label\" style=\"color: #ffffff;\">He le\u00eddo y acepto la pol\u00edtica de privacidad<\/span><\/span><\/label><\/div><\/div><\/div><\/div><\/div><\/div><\/div><div class=\"form_field all_fields submit-button submit-button the_submit button_fields common_fields preset_fields special_fields selection_fields pill\" style=\"margin-bottom: 15px;\" id=\"_17260\"><div class=\"row\"><div class=\"col-sm-12\" id=\"field_container\"><div class=\"row\"><div class=\"col-sm-12 input_container align_center\"><button class=\"nex-submit svg_ready the_input_element btn btn-default style_bold\" data-ga=\"\" style=\"color: #ffffff; background-color: #00529c; font-size: 14px;\">Solicitar Informaci\u00f3n<\/button><\/div><\/div><\/div><\/div><\/div><div class=\"form_field all_fields paragraph paragraph html_fields pill\" style=\"margin-bottom: 15px;\" id=\"_68982\"><div class=\"row\"><div class=\"col-sm-12\" id=\"field_container\"><div class=\"row\"><div class=\"col-sm-12 input_container\"><input type=\"hidden\" class=\"set_math_result\" value=\"0\" name=\"math_result\" autocomplete=\"enabled\" id=\"_68982__math_result\"><div class=\"the_input_element align_center style_italic\" data-math-equation=\"\" data-original-math-equation=\"\" data-decimal-places=\"0\" style=\"color: #ffffff;\">En menos de 24 horas, nuestra asesora de pondr\u00e1 en contacto contigo.<\/div><div style=\"clear:both;\"><\/div><\/div><\/div><\/div><\/div><\/div><link id=\"open_sans\" type=\"text\/css\" role=\"google-font-import\" rel=\"stylesheet\" href=\"https:\/\/fonts.googleapis.com\/css?family=Open Sans\" class=\"\" style=\"\">Powered by <a href=\"https:\/\/1.envato.market\/zQ6de\">NEX-Forms<\/a><\/form><\/div><\/div><\/div><\/div><\/div><style type=\"text\/css\" class=\"nex-forms-custom-css\"><\/style><\/div>\n\t\t\t\t\t\t<\/div>\n\t\t\t\t<\/div>\n\t\t\t\t\t<\/div>\n\t\t<\/div>\n\t\t\t\t\t<\/div>\n\t\t<\/section>\n\t\t\t\t\t<\/div>\n\t\t<\/div>\n\t\t\t\t\t<\/div>\n\t\t<\/section>\n\t\t\t\t<\/div>\n\t\t","protected":false},"excerpt":{"rendered":"","protected":false},"author":1,"featured_media":0,"parent":0,"menu_order":0,"comment_status":"closed","ping_status":"closed","template":"elementor_header_footer","meta":{"footnotes":""},"class_list":["post-2300","page","type-page","status-publish","hentry","entry"],"_links":{"self":[{"href":"https:\/\/lacongre.edu.co\/index.php\/wp-json\/wp\/v2\/pages\/2300","targetHints":{"allow":["GET"]}}],"collection":[{"href":"https:\/\/lacongre.edu.co\/index.php\/wp-json\/wp\/v2\/pages"}],"about":[{"href":"https:\/\/lacongre.edu.co\/index.php\/wp-json\/wp\/v2\/types\/page"}],"author":[{"embeddable":true,"href":"https:\/\/lacongre.edu.co\/index.php\/wp-json\/wp\/v2\/users\/1"}],"replies":[{"embeddable":true,"href":"https:\/\/lacongre.edu.co\/index.php\/wp-json\/wp\/v2\/comments?post=2300"}],"version-history":[{"count":25,"href":"https:\/\/lacongre.edu.co\/index.php\/wp-json\/wp\/v2\/pages\/2300\/revisions"}],"predecessor-version":[{"id":2370,"href":"https:\/\/lacongre.edu.co\/index.php\/wp-json\/wp\/v2\/pages\/2300\/revisions\/2370"}],"wp:attachment":[{"href":"https:\/\/lacongre.edu.co\/index.php\/wp-json\/wp\/v2\/media?parent=2300"}],"curies":[{"name":"wp","href":"https:\/\/api.w.org\/{rel}","templated":true}]}}