{"id":1361,"date":"2024-06-20T14:37:05","date_gmt":"2024-06-20T19:37:05","guid":{"rendered":"http:\/\/lacongre.edu.co\/?page_id=1361"},"modified":"2026-03-30T17:19:52","modified_gmt":"2026-03-30T22:19:52","slug":"cursos-de-formacion-laboral","status":"publish","type":"page","link":"https:\/\/lacongre.edu.co\/index.php\/cursos-de-formacion-laboral\/","title":{"rendered":"Cursos de formaci\u00f3n laboral"},"content":{"rendered":"\t\t<div data-elementor-type=\"wp-page\" data-elementor-id=\"1361\" class=\"elementor elementor-1361\" data-elementor-post-type=\"page\">\n\t\t\t\t\t\t<section class=\"elementor-section elementor-top-section elementor-element elementor-element-29e00bb6 elementor-section-boxed elementor-section-height-default elementor-section-height-default\" data-id=\"29e00bb6\" data-element_type=\"section\" data-settings=\"{&quot;background_background&quot;:&quot;classic&quot;,&quot;ekit_has_onepagescroll_dot&quot;:&quot;yes&quot;}\">\n\t\t\t\t\t\t\t<div class=\"elementor-background-overlay\"><\/div>\n\t\t\t\t\t\t\t<div class=\"elementor-container elementor-column-gap-default\">\n\t\t\t\t\t<div class=\"elementor-column elementor-col-100 elementor-top-column elementor-element elementor-element-227e57f5\" data-id=\"227e57f5\" data-element_type=\"column\">\n\t\t\t<div class=\"elementor-widget-wrap elementor-element-populated\">\n\t\t\t\t\t\t<section class=\"elementor-section elementor-inner-section elementor-element elementor-element-39bf80ff elementor-section-boxed elementor-section-height-default elementor-section-height-default\" data-id=\"39bf80ff\" data-element_type=\"section\" data-settings=\"{&quot;ekit_has_onepagescroll_dot&quot;:&quot;yes&quot;}\">\n\t\t\t\t\t\t<div class=\"elementor-container elementor-column-gap-default\">\n\t\t\t\t\t<div class=\"elementor-column elementor-col-100 elementor-inner-column elementor-element elementor-element-42e492a7\" data-id=\"42e492a7\" data-element_type=\"column\">\n\t\t\t<div class=\"elementor-widget-wrap elementor-element-populated\">\n\t\t\t\t\t\t<div class=\"elementor-element elementor-element-41076a1f elementor-invisible elementor-widget elementor-widget-heading\" data-id=\"41076a1f\" data-element_type=\"widget\" data-settings=\"{&quot;_animation&quot;:&quot;fadeInUp&quot;,&quot;ekit_we_effect_on&quot;:&quot;none&quot;}\" data-widget_type=\"heading.default\">\n\t\t\t\t<div class=\"elementor-widget-container\">\n\t\t\t\t\t<h1 class=\"elementor-heading-title elementor-size-default\">Cursos de formaci\u00f3n laboral<\/h1>\t\t\t\t<\/div>\n\t\t\t\t<\/div>\n\t\t\t\t<div class=\"elementor-element elementor-element-b773ef3 elementor-invisible elementor-widget elementor-widget-heading\" data-id=\"b773ef3\" data-element_type=\"widget\" data-settings=\"{&quot;_animation&quot;:&quot;fadeInUp&quot;,&quot;_animation_delay&quot;:200,&quot;ekit_we_effect_on&quot;:&quot;none&quot;}\" data-widget_type=\"heading.default\">\n\t\t\t\t<div class=\"elementor-widget-container\">\n\t\t\t\t\t<span class=\"elementor-heading-title elementor-size-default\">Ofrecemos cursos en las \u00e1reas espec\u00edficas de sectores productivos y servicios como Cocina, Panader\u00eda, Confecciones, Inform\u00e1tica y Formaci\u00f3n contin\u00faa en Salud. \n<p>\nPodr\u00e1n los estudiantes fortalecer sus competencias laborales por m\u00f3dulos, que conducir\u00e1n al Certificado de asistencia en el \u00e1rea escogida.<\/span>\t\t\t\t<\/div>\n\t\t\t\t<\/div>\n\t\t\t\t\t<\/div>\n\t\t<\/div>\n\t\t\t\t\t<\/div>\n\t\t<\/section>\n\t\t\t\t\t<\/div>\n\t\t<\/div>\n\t\t\t\t\t<\/div>\n\t\t<\/section>\n\t\t\t\t<section class=\"elementor-section elementor-top-section elementor-element elementor-element-653f6b28 elementor-section-boxed elementor-section-height-default elementor-section-height-default\" data-id=\"653f6b28\" data-element_type=\"section\" data-settings=\"{&quot;ekit_has_onepagescroll_dot&quot;:&quot;yes&quot;}\">\n\t\t\t\t\t\t<div class=\"elementor-container elementor-column-gap-default\">\n\t\t\t\t\t<div class=\"elementor-column elementor-col-100 elementor-top-column elementor-element elementor-element-1442e639\" data-id=\"1442e639\" data-element_type=\"column\">\n\t\t\t<div class=\"elementor-widget-wrap elementor-element-populated\">\n\t\t\t\t\t\t<section class=\"elementor-section elementor-inner-section elementor-element elementor-element-16c8b7a2 elementor-section-boxed elementor-section-height-default elementor-section-height-default elementor-invisible\" data-id=\"16c8b7a2\" data-element_type=\"section\" data-settings=\"{&quot;animation&quot;:&quot;fadeIn&quot;,&quot;animation_delay&quot;:200,&quot;ekit_has_onepagescroll_dot&quot;:&quot;yes&quot;}\">\n\t\t\t\t\t\t<div class=\"elementor-container elementor-column-gap-default\">\n\t\t\t\t\t<div class=\"elementor-column elementor-col-33 elementor-inner-column elementor-element elementor-element-bd4e4a5\" data-id=\"bd4e4a5\" data-element_type=\"column\">\n\t\t\t<div class=\"elementor-widget-wrap elementor-element-populated\">\n\t\t\t\t\t\t<div class=\"elementor-element elementor-element-1e40b2e0 elementor-widget elementor-widget-image\" data-id=\"1e40b2e0\" data-element_type=\"widget\" data-settings=\"{&quot;ekit_we_effect_on&quot;:&quot;none&quot;}\" data-widget_type=\"image.default\">\n\t\t\t\t<div class=\"elementor-widget-container\">\n\t\t\t\t\t\t\t\t\t\t\t\t\t\t\t<img fetchpriority=\"high\" decoding=\"async\" width=\"600\" height=\"800\" src=\"https:\/\/lacongre.edu.co\/wp-content\/uploads\/2024\/09\/Panaderia.png\" class=\"attachment-full size-full wp-image-2564\" alt=\"\" srcset=\"https:\/\/lacongre.edu.co\/wp-content\/uploads\/2024\/09\/Panaderia.png 600w, https:\/\/lacongre.edu.co\/wp-content\/uploads\/2024\/09\/Panaderia-225x300.png 225w\" sizes=\"(max-width: 600px) 100vw, 600px\" style=\"width:100%;height:133.33%;max-width:600px\" \/>\t\t\t\t\t\t\t\t\t\t\t\t\t\t\t<\/div>\n\t\t\t\t<\/div>\n\t\t\t\t<div class=\"elementor-element elementor-element-15425ea3 elementor-align-center elementor-widget elementor-widget-button\" data-id=\"15425ea3\" data-element_type=\"widget\" data-settings=\"{&quot;ekit_we_effect_on&quot;:&quot;none&quot;}\" data-widget_type=\"button.default\">\n\t\t\t\t<div class=\"elementor-widget-container\">\n\t\t\t\t\t\t\t\t\t<div class=\"elementor-button-wrapper\">\n\t\t\t\t\t<a class=\"elementor-button elementor-button-link elementor-size-sm\" href=\"http:\/\/lacongre.edu.co\/index.php\/area-de-cocina-y-panaderia\/\">\n\t\t\t\t\t\t<span class=\"elementor-button-content-wrapper\">\n\t\t\t\t\t\t\t\t\t<span class=\"elementor-button-text\">\u00c1rea de Panader\u00eda <\/span>\n\t\t\t\t\t<\/span>\n\t\t\t\t\t<\/a>\n\t\t\t\t<\/div>\n\t\t\t\t\t\t\t\t<\/div>\n\t\t\t\t<\/div>\n\t\t\t\t\t<\/div>\n\t\t<\/div>\n\t\t\t\t<div class=\"elementor-column elementor-col-33 elementor-inner-column elementor-element elementor-element-226b8d2a\" data-id=\"226b8d2a\" data-element_type=\"column\">\n\t\t\t<div class=\"elementor-widget-wrap elementor-element-populated\">\n\t\t\t\t\t\t<div class=\"elementor-element elementor-element-420232af elementor-widget elementor-widget-image\" data-id=\"420232af\" data-element_type=\"widget\" data-settings=\"{&quot;ekit_we_effect_on&quot;:&quot;none&quot;}\" data-widget_type=\"image.default\">\n\t\t\t\t<div class=\"elementor-widget-container\">\n\t\t\t\t\t\t\t\t\t\t\t\t\t\t\t<img decoding=\"async\" width=\"600\" height=\"800\" src=\"https:\/\/lacongre.edu.co\/wp-content\/uploads\/2024\/06\/Confeccion.png\" class=\"attachment-full size-full wp-image-1341\" alt=\"\" srcset=\"https:\/\/lacongre.edu.co\/wp-content\/uploads\/2024\/06\/Confeccion.png 600w, https:\/\/lacongre.edu.co\/wp-content\/uploads\/2024\/06\/Confeccion-225x300.png 225w\" sizes=\"(max-width: 600px) 100vw, 600px\" style=\"width:100%;height:133.33%;max-width:600px\" \/>\t\t\t\t\t\t\t\t\t\t\t\t\t\t\t<\/div>\n\t\t\t\t<\/div>\n\t\t\t\t<div class=\"elementor-element elementor-element-8ec01e2 elementor-align-center elementor-widget elementor-widget-button\" data-id=\"8ec01e2\" data-element_type=\"widget\" data-settings=\"{&quot;ekit_we_effect_on&quot;:&quot;none&quot;}\" data-widget_type=\"button.default\">\n\t\t\t\t<div class=\"elementor-widget-container\">\n\t\t\t\t\t\t\t\t\t<div class=\"elementor-button-wrapper\">\n\t\t\t\t\t<a class=\"elementor-button elementor-button-link elementor-size-sm\" href=\"http:\/\/lacongre.edu.co\/index.php\/area-de-confecciones\/\">\n\t\t\t\t\t\t<span class=\"elementor-button-content-wrapper\">\n\t\t\t\t\t\t\t\t\t<span class=\"elementor-button-text\">\u00c1rea de confecciones <\/span>\n\t\t\t\t\t<\/span>\n\t\t\t\t\t<\/a>\n\t\t\t\t<\/div>\n\t\t\t\t\t\t\t\t<\/div>\n\t\t\t\t<\/div>\n\t\t\t\t\t<\/div>\n\t\t<\/div>\n\t\t\t\t<div class=\"elementor-column elementor-col-33 elementor-inner-column elementor-element elementor-element-3f08a5ca\" data-id=\"3f08a5ca\" data-element_type=\"column\">\n\t\t\t<div class=\"elementor-widget-wrap elementor-element-populated\">\n\t\t\t\t\t\t<div class=\"elementor-element elementor-element-2dc3617f elementor-widget elementor-widget-image\" data-id=\"2dc3617f\" data-element_type=\"widget\" data-settings=\"{&quot;ekit_we_effect_on&quot;:&quot;none&quot;}\" data-widget_type=\"image.default\">\n\t\t\t\t<div class=\"elementor-widget-container\">\n\t\t\t\t\t\t\t\t\t\t\t\t\t\t\t<img decoding=\"async\" width=\"600\" height=\"800\" src=\"https:\/\/lacongre.edu.co\/wp-content\/uploads\/2024\/06\/Farmacia.png\" class=\"attachment-full size-full wp-image-1343\" alt=\"\" srcset=\"https:\/\/lacongre.edu.co\/wp-content\/uploads\/2024\/06\/Farmacia.png 600w, https:\/\/lacongre.edu.co\/wp-content\/uploads\/2024\/06\/Farmacia-225x300.png 225w\" sizes=\"(max-width: 600px) 100vw, 600px\" style=\"width:100%;height:133.33%;max-width:600px\" \/>\t\t\t\t\t\t\t\t\t\t\t\t\t\t\t<\/div>\n\t\t\t\t<\/div>\n\t\t\t\t<div class=\"elementor-element elementor-element-c157009 elementor-align-center elementor-widget elementor-widget-button\" data-id=\"c157009\" data-element_type=\"widget\" data-settings=\"{&quot;ekit_we_effect_on&quot;:&quot;none&quot;}\" data-widget_type=\"button.default\">\n\t\t\t\t<div class=\"elementor-widget-container\">\n\t\t\t\t\t\t\t\t\t<div class=\"elementor-button-wrapper\">\n\t\t\t\t\t<a class=\"elementor-button elementor-button-link elementor-size-sm\" href=\"http:\/\/lacongre.edu.co\/index.php\/area-de-salud\/\">\n\t\t\t\t\t\t<span class=\"elementor-button-content-wrapper\">\n\t\t\t\t\t\t\t\t\t<span class=\"elementor-button-text\">\u00c1rea de Salud <\/span>\n\t\t\t\t\t<\/span>\n\t\t\t\t\t<\/a>\n\t\t\t\t<\/div>\n\t\t\t\t\t\t\t\t<\/div>\n\t\t\t\t<\/div>\n\t\t\t\t\t<\/div>\n\t\t<\/div>\n\t\t\t\t\t<\/div>\n\t\t<\/section>\n\t\t<div class=\"elementor-element elementor-element-d932d1c e-flex e-con-boxed e-con e-parent\" data-id=\"d932d1c\" data-element_type=\"container\" data-settings=\"{&quot;ekit_has_onepagescroll_dot&quot;:&quot;yes&quot;}\">\n\t\t\t\t\t<div class=\"e-con-inner\">\n\t\t\t\t\t<\/div>\n\t\t\t\t<\/div>\n\t\t\t\t<section class=\"elementor-section elementor-inner-section elementor-element elementor-element-59f2a9e elementor-section-boxed elementor-section-height-default elementor-section-height-default elementor-invisible\" data-id=\"59f2a9e\" data-element_type=\"section\" data-settings=\"{&quot;animation&quot;:&quot;fadeIn&quot;,&quot;animation_delay&quot;:200,&quot;ekit_has_onepagescroll_dot&quot;:&quot;yes&quot;}\">\n\t\t\t\t\t\t<div class=\"elementor-container elementor-column-gap-default\">\n\t\t\t\t\t<div class=\"elementor-column elementor-col-33 elementor-inner-column elementor-element elementor-element-dce5e43\" data-id=\"dce5e43\" data-element_type=\"column\">\n\t\t\t<div class=\"elementor-widget-wrap elementor-element-populated\">\n\t\t\t\t\t\t<div class=\"elementor-element elementor-element-e3c2560 elementor-widget elementor-widget-image\" data-id=\"e3c2560\" data-element_type=\"widget\" data-settings=\"{&quot;ekit_we_effect_on&quot;:&quot;none&quot;}\" data-widget_type=\"image.default\">\n\t\t\t\t<div class=\"elementor-widget-container\">\n\t\t\t\t\t\t\t\t\t\t\t\t\t\t\t<img loading=\"lazy\" decoding=\"async\" width=\"600\" height=\"800\" src=\"https:\/\/lacongre.edu.co\/wp-content\/uploads\/2024\/10\/Cocina.png\" class=\"attachment-full size-full wp-image-3665\" alt=\"\" srcset=\"https:\/\/lacongre.edu.co\/wp-content\/uploads\/2024\/10\/Cocina.png 600w, https:\/\/lacongre.edu.co\/wp-content\/uploads\/2024\/10\/Cocina-225x300.png 225w\" sizes=\"(max-width: 600px) 100vw, 600px\" style=\"width:100%;height:133.33%;max-width:600px\" \/>\t\t\t\t\t\t\t\t\t\t\t\t\t\t\t<\/div>\n\t\t\t\t<\/div>\n\t\t\t\t<div class=\"elementor-element elementor-element-ab1cd31 elementor-align-center elementor-widget elementor-widget-button\" data-id=\"ab1cd31\" data-element_type=\"widget\" data-settings=\"{&quot;ekit_we_effect_on&quot;:&quot;none&quot;}\" data-widget_type=\"button.default\">\n\t\t\t\t<div class=\"elementor-widget-container\">\n\t\t\t\t\t\t\t\t\t<div class=\"elementor-button-wrapper\">\n\t\t\t\t\t<a class=\"elementor-button elementor-button-link elementor-size-sm\" href=\"https:\/\/lacongre.edu.co\/index.php\/area-de-cocina\/\">\n\t\t\t\t\t\t<span class=\"elementor-button-content-wrapper\">\n\t\t\t\t\t\t\t\t\t<span class=\"elementor-button-text\">\u00c1rea de cocina<\/span>\n\t\t\t\t\t<\/span>\n\t\t\t\t\t<\/a>\n\t\t\t\t<\/div>\n\t\t\t\t\t\t\t\t<\/div>\n\t\t\t\t<\/div>\n\t\t\t\t\t<\/div>\n\t\t<\/div>\n\t\t\t\t<div class=\"elementor-column elementor-col-33 elementor-inner-column elementor-element elementor-element-87818c7\" data-id=\"87818c7\" data-element_type=\"column\">\n\t\t\t<div class=\"elementor-widget-wrap\">\n\t\t\t\t\t\t\t<\/div>\n\t\t<\/div>\n\t\t\t\t<div class=\"elementor-column elementor-col-33 elementor-inner-column elementor-element elementor-element-af2ac16\" data-id=\"af2ac16\" data-element_type=\"column\">\n\t\t\t<div class=\"elementor-widget-wrap elementor-element-populated\">\n\t\t\t\t\t\t<div class=\"elementor-element elementor-element-235f0199 elementor-widget elementor-widget-image\" data-id=\"235f0199\" data-element_type=\"widget\" data-settings=\"{&quot;ekit_we_effect_on&quot;:&quot;none&quot;}\" data-widget_type=\"image.default\">\n\t\t\t\t<div class=\"elementor-widget-container\">\n\t\t\t\t\t\t\t\t\t\t\t\t\t\t\t<img loading=\"lazy\" decoding=\"async\" width=\"600\" height=\"800\" src=\"https:\/\/lacongre.edu.co\/wp-content\/uploads\/2024\/06\/Administracion.png\" class=\"attachment-full size-full wp-image-1339\" alt=\"\" srcset=\"https:\/\/lacongre.edu.co\/wp-content\/uploads\/2024\/06\/Administracion.png 600w, https:\/\/lacongre.edu.co\/wp-content\/uploads\/2024\/06\/Administracion-225x300.png 225w\" sizes=\"(max-width: 600px) 100vw, 600px\" style=\"width:100%;height:133.33%;max-width:600px\" \/>\t\t\t\t\t\t\t\t\t\t\t\t\t\t\t<\/div>\n\t\t\t\t<\/div>\n\t\t\t\t<div class=\"elementor-element elementor-element-bb7ca53 elementor-align-center elementor-widget elementor-widget-button\" data-id=\"bb7ca53\" data-element_type=\"widget\" data-settings=\"{&quot;ekit_we_effect_on&quot;:&quot;none&quot;}\" data-widget_type=\"button.default\">\n\t\t\t\t<div class=\"elementor-widget-container\">\n\t\t\t\t\t\t\t\t\t<div class=\"elementor-button-wrapper\">\n\t\t\t\t\t<a class=\"elementor-button elementor-button-link elementor-size-sm\" href=\"http:\/\/lacongre.edu.co\/index.php\/area-informatica\/\">\n\t\t\t\t\t\t<span class=\"elementor-button-content-wrapper\">\n\t\t\t\t\t\t\t\t\t<span class=\"elementor-button-text\">\u00c1rea Inform\u00e1tica <\/span>\n\t\t\t\t\t<\/span>\n\t\t\t\t\t<\/a>\n\t\t\t\t<\/div>\n\t\t\t\t\t\t\t\t<\/div>\n\t\t\t\t<\/div>\n\t\t\t\t\t<\/div>\n\t\t<\/div>\n\t\t\t\t\t<\/div>\n\t\t<\/section>\n\t\t\t\t\t<\/div>\n\t\t<\/div>\n\t\t\t\t\t<\/div>\n\t\t<\/section>\n\t\t\t\t<section class=\"elementor-section elementor-top-section elementor-element elementor-element-1759be88 elementor-section-boxed elementor-section-height-default elementor-section-height-default\" data-id=\"1759be88\" data-element_type=\"section\" data-settings=\"{&quot;background_background&quot;:&quot;classic&quot;,&quot;ekit_has_onepagescroll_dot&quot;:&quot;yes&quot;}\">\n\t\t\t\t\t\t\t<div class=\"elementor-background-overlay\"><\/div>\n\t\t\t\t\t\t\t<div class=\"elementor-container elementor-column-gap-default\">\n\t\t\t\t\t<div class=\"elementor-column elementor-col-100 elementor-top-column elementor-element elementor-element-5bfa06ec elementor-invisible\" data-id=\"5bfa06ec\" data-element_type=\"column\" data-settings=\"{&quot;animation&quot;:&quot;fadeInUp&quot;}\">\n\t\t\t<div class=\"elementor-widget-wrap elementor-element-populated\">\n\t\t\t\t\t\t<div class=\"elementor-element elementor-element-2820d6ef elementor-widget elementor-widget-heading\" data-id=\"2820d6ef\" data-element_type=\"widget\" data-settings=\"{&quot;ekit_we_effect_on&quot;:&quot;none&quot;}\" data-widget_type=\"heading.default\">\n\t\t\t\t<div class=\"elementor-widget-container\">\n\t\t\t\t\t<h2 class=\"elementor-heading-title elementor-size-default\">Convi\u00e9rtete en el profesional exitoso que siempre has so\u00f1ado ser<\/h2>\t\t\t\t<\/div>\n\t\t\t\t<\/div>\n\t\t\t\t<div class=\"elementor-element elementor-element-570d8852 elementor-widget elementor-widget-text-editor\" data-id=\"570d8852\" data-element_type=\"widget\" data-settings=\"{&quot;ekit_we_effect_on&quot;:&quot;none&quot;}\" data-widget_type=\"text-editor.default\">\n\t\t\t\t<div class=\"elementor-widget-container\">\n\t\t\t\t\t\t\t\t\t<p>Completa el formulario y obt\u00e9n informaci\u00f3n detallada sobre el programa deseado.<\/p><p><strong>\u00a0\u00a1Asegura tu futuro profesional hoy!<\/strong><\/p>\t\t\t\t\t\t\t\t<\/div>\n\t\t\t\t<\/div>\n\t\t\t\t<div class=\"elementor-element elementor-element-7a7bb670 elementor-align-center elementor-widget elementor-widget-button\" data-id=\"7a7bb670\" data-element_type=\"widget\" data-settings=\"{&quot;ekit_we_effect_on&quot;:&quot;none&quot;}\" data-widget_type=\"button.default\">\n\t\t\t\t<div class=\"elementor-widget-container\">\n\t\t\t\t\t\t\t\t\t<div class=\"elementor-button-wrapper\">\n\t\t\t\t\t<a class=\"elementor-button elementor-button-link elementor-size-md\" href=\"http:\/\/lacongre.edu.co\/index.php\/informacion-de-programas\/\">\n\t\t\t\t\t\t<span class=\"elementor-button-content-wrapper\">\n\t\t\t\t\t\t\t\t\t<span class=\"elementor-button-text\">Informaci\u00f3n de programas<\/span>\n\t\t\t\t\t<\/span>\n\t\t\t\t\t<\/a>\n\t\t\t\t<\/div>\n\t\t\t\t\t\t\t\t<\/div>\n\t\t\t\t<\/div>\n\t\t\t\t\t<\/div>\n\t\t<\/div>\n\t\t\t\t\t<\/div>\n\t\t<\/section>\n\t\t\t\t<\/div>\n\t\t","protected":false},"excerpt":{"rendered":"<p>Ofrecemos cursos en las \u00e1reas espec\u00edficas de sectores productivos y servicios como Cocina, Panader\u00eda, Confecciones, Inform\u00e1tica y Formaci\u00f3n contin\u00faa en Salud. Podr\u00e1n los estudiantes fortalecer sus competencias laborales por m\u00f3dulos, que conducir\u00e1n al Certificado de asistencia en el \u00e1rea escogida. \u00c1rea de Panader\u00eda \u00c1rea de confecciones \u00c1rea de Salud \u00c1rea de cocina \u00c1rea Inform\u00e1tica Convi\u00e9rtete&hellip; <a class=\"more-link\" href=\"https:\/\/lacongre.edu.co\/index.php\/cursos-de-formacion-laboral\/\">Seguir leyendo <span class=\"screen-reader-text\">Cursos de formaci\u00f3n laboral<\/span><\/a><\/p>\n","protected":false},"author":1,"featured_media":0,"parent":0,"menu_order":0,"comment_status":"closed","ping_status":"closed","template":"elementor_header_footer","meta":{"footnotes":""},"class_list":["post-1361","page","type-page","status-publish","hentry","entry"],"_links":{"self":[{"href":"https:\/\/lacongre.edu.co\/index.php\/wp-json\/wp\/v2\/pages\/1361","targetHints":{"allow":["GET"]}}],"collection":[{"href":"https:\/\/lacongre.edu.co\/index.php\/wp-json\/wp\/v2\/pages"}],"about":[{"href":"https:\/\/lacongre.edu.co\/index.php\/wp-json\/wp\/v2\/types\/page"}],"author":[{"embeddable":true,"href":"https:\/\/lacongre.edu.co\/index.php\/wp-json\/wp\/v2\/users\/1"}],"replies":[{"embeddable":true,"href":"https:\/\/lacongre.edu.co\/index.php\/wp-json\/wp\/v2\/comments?post=1361"}],"version-history":[{"count":85,"href":"https:\/\/lacongre.edu.co\/index.php\/wp-json\/wp\/v2\/pages\/1361\/revisions"}],"predecessor-version":[{"id":6277,"href":"https:\/\/lacongre.edu.co\/index.php\/wp-json\/wp\/v2\/pages\/1361\/revisions\/6277"}],"wp:attachment":[{"href":"https:\/\/lacongre.edu.co\/index.php\/wp-json\/wp\/v2\/media?parent=1361"}],"curies":[{"name":"wp","href":"https:\/\/api.w.org\/{rel}","templated":true}]}}